{"id":99,"date":"2021-07-02T07:45:43","date_gmt":"2021-07-02T07:45:43","guid":{"rendered":"https:\/\/tf01.themeruby.com\/software\/?page_id=99"},"modified":"2024-06-01T17:00:14","modified_gmt":"2024-06-01T17:00:14","slug":"contato","status":"publish","type":"page","link":"https:\/\/iraildobarbosa.com.br\/cartoes\/contato\/","title":{"rendered":"Contato"},"content":{"rendered":"\n<h1 class=\"wp-block-heading\" id=\"h-entre-em-contato\">Entre em Contato<\/h1>\n\n\n\n<p>Se voc\u00ea tiver alguma d\u00favida, coment\u00e1rio ou consulta sobre nossos servi\u00e7os ou conte\u00fado, n\u00e3o hesite em nos contatar. Estamos aqui para ajudar e responder a todas as suas perguntas da melhor maneira poss\u00edvel.<\/p>\n\n\n\n<h2 class=\"wp-block-heading\" id=\"h-como-entrar-em-contato\">Como Entrar em Contato<\/h2>\n\n\n\n<p>Voc\u00ea pode entrar em contato conosco de diversas maneiras:<\/p>\n\n\n\n<ul class=\"wp-block-list\">\n<li><strong>E-mail:<\/strong> Envie um e-mail para <a>contato@iraildobarbosa.com.br<\/a> e nossa equipe responder\u00e1 prontamente \u00e0 sua mensagem.<\/li>\n\n\n\n<li><strong>Formul\u00e1rio de Contato:<\/strong> Preencha o formul\u00e1rio abaixo com suas informa\u00e7\u00f5es e sua mensagem, e n\u00f3s entraremos em contato com voc\u00ea o mais r\u00e1pido poss\u00edvel.<\/li>\n<\/ul>\n\n\n\n<hr class=\"wp-block-separator has-css-opacity is-style-default\"\/>\n\n\n\n<div class=\"wpcf7 no-js\" id=\"wpcf7-f105-o1\" lang=\"en-US\" dir=\"ltr\" data-wpcf7-id=\"105\">\n<div class=\"screen-reader-response\"><p role=\"status\" aria-live=\"polite\" aria-atomic=\"true\"><\/p> <ul><\/ul><\/div>\n<form action=\"\/cartoes\/wp-json\/wp\/v2\/pages\/99#wpcf7-f105-o1\" method=\"post\" class=\"wpcf7-form init\" aria-label=\"Contact form\" novalidate=\"novalidate\" data-status=\"init\">\n<fieldset class=\"hidden-fields-container\"><input type=\"hidden\" name=\"_wpcf7\" value=\"105\" \/><input type=\"hidden\" name=\"_wpcf7_version\" value=\"6.1.4\" \/><input type=\"hidden\" name=\"_wpcf7_locale\" value=\"en_US\" \/><input type=\"hidden\" name=\"_wpcf7_unit_tag\" value=\"wpcf7-f105-o1\" \/><input type=\"hidden\" name=\"_wpcf7_container_post\" value=\"0\" \/><input type=\"hidden\" name=\"_wpcf7_posted_data_hash\" value=\"\" \/>\n<\/fieldset>\n<p><label> Your name<br \/>\n<span class=\"wpcf7-form-control-wrap\" data-name=\"your-name\"><input size=\"40\" maxlength=\"400\" class=\"wpcf7-form-control wpcf7-text wpcf7-validates-as-required\" aria-required=\"true\" aria-invalid=\"false\" value=\"\" type=\"text\" name=\"your-name\" \/><\/span> <\/label>\n<\/p>\n<p><label> Your Email<br \/>\n<span class=\"wpcf7-form-control-wrap\" data-name=\"your-email\"><input size=\"40\" maxlength=\"400\" class=\"wpcf7-form-control wpcf7-email wpcf7-validates-as-required wpcf7-text wpcf7-validates-as-email\" aria-required=\"true\" aria-invalid=\"false\" value=\"\" type=\"email\" name=\"your-email\" \/><\/span> <\/label>\n<\/p>\n<p><label> Your subject<br \/>\n<span class=\"wpcf7-form-control-wrap\" data-name=\"your-subject\"><input size=\"40\" maxlength=\"400\" class=\"wpcf7-form-control wpcf7-text\" aria-invalid=\"false\" value=\"\" type=\"text\" name=\"your-subject\" \/><\/span> <\/label>\n<\/p>\n<p><label> Enter your message<br \/>\n<span class=\"wpcf7-form-control-wrap\" data-name=\"your-message\"><textarea cols=\"40\" rows=\"10\" maxlength=\"2000\" class=\"wpcf7-form-control wpcf7-textarea\" aria-invalid=\"false\" name=\"your-message\"><\/textarea><\/span> <\/label>\n<\/p>\n<p><input class=\"wpcf7-form-control wpcf7-submit has-spinner\" type=\"submit\" value=\"Send Message\" \/>\n<\/p><p style=\"display: none !important;\" class=\"akismet-fields-container\" data-prefix=\"_wpcf7_ak_\"><label>&#916;<textarea name=\"_wpcf7_ak_hp_textarea\" cols=\"45\" rows=\"8\" maxlength=\"100\"><\/textarea><\/label><input type=\"hidden\" id=\"ak_js_1\" name=\"_wpcf7_ak_js\" value=\"204\"\/><script>document.getElementById( \"ak_js_1\" ).setAttribute( \"value\", ( new Date() ).getTime() );<\/script><\/p><div class=\"wpcf7-response-output\" aria-hidden=\"true\"><\/div>\n<\/form>\n<\/div>\n\n","protected":false},"excerpt":{"rendered":"<p>Entre em Contato Se voc\u00ea tiver alguma d\u00favida, coment\u00e1rio ou consulta sobre nossos servi\u00e7os ou conte\u00fado, n\u00e3o hesite em nos contatar. Estamos aqui para ajudar e responder a todas as suas perguntas da melhor maneira poss\u00edvel. Como Entrar em Contato Voc\u00ea pode entrar em contato conosco de diversas maneiras:<\/p>\n","protected":false},"author":1,"featured_media":0,"parent":0,"menu_order":0,"comment_status":"closed","ping_status":"closed","template":"","meta":{"content-type":"","footnotes":""},"class_list":["post-99","page","type-page","status-publish"],"yoast_head":"<!-- This site is optimized with the Yoast SEO Premium plugin v24.1 (Yoast SEO v27.5) - https:\/\/yoast.com\/product\/yoast-seo-premium-wordpress\/ -->\n<title>Contato - Iraildo Cart\u00f5es<\/title>\n<meta name=\"robots\" content=\"index, follow, max-snippet:-1, max-image-preview:large, max-video-preview:-1\" \/>\n<link rel=\"canonical\" href=\"https:\/\/iraildobarbosa.com.br\/cartoes\/contato\/\" \/>\n<meta property=\"og:locale\" content=\"pt_BR\" \/>\n<meta property=\"og:type\" content=\"article\" \/>\n<meta property=\"og:title\" content=\"Contato\" \/>\n<meta property=\"og:description\" content=\"Entre em Contato Se voc\u00ea tiver alguma d\u00favida, coment\u00e1rio ou consulta sobre nossos servi\u00e7os ou conte\u00fado, n\u00e3o hesite em nos contatar. Estamos aqui para ajudar e responder a todas as suas perguntas da melhor maneira poss\u00edvel. Como Entrar em Contato Voc\u00ea pode entrar em contato conosco de diversas maneiras:\" \/>\n<meta property=\"og:url\" content=\"https:\/\/iraildobarbosa.com.br\/cartoes\/contato\/\" \/>\n<meta property=\"og:site_name\" content=\"Iraildo Cart\u00f5es\" \/>\n<meta property=\"article:modified_time\" content=\"2024-06-01T17:00:14+00:00\" \/>\n<meta name=\"twitter:card\" content=\"summary_large_image\" \/>\n<meta name=\"twitter:label1\" content=\"Est. tempo de leitura\" \/>\n\t<meta name=\"twitter:data1\" content=\"1 minuto\" \/>\n<script type=\"application\/ld+json\" class=\"yoast-schema-graph\">{\"@context\":\"https:\\\/\\\/schema.org\",\"@graph\":[{\"@type\":\"WebPage\",\"@id\":\"https:\\\/\\\/iraildobarbosa.com.br\\\/cartoes\\\/contato\\\/\",\"url\":\"https:\\\/\\\/iraildobarbosa.com.br\\\/cartoes\\\/contato\\\/\",\"name\":\"Contato - Iraildo Cart\u00f5es\",\"isPartOf\":{\"@id\":\"https:\\\/\\\/iraildobarbosa.com.br\\\/cartoes\\\/#website\"},\"datePublished\":\"2021-07-02T07:45:43+00:00\",\"dateModified\":\"2024-06-01T17:00:14+00:00\",\"breadcrumb\":{\"@id\":\"https:\\\/\\\/iraildobarbosa.com.br\\\/cartoes\\\/contato\\\/#breadcrumb\"},\"inLanguage\":\"pt-BR\",\"potentialAction\":[{\"@type\":\"ReadAction\",\"target\":[\"https:\\\/\\\/iraildobarbosa.com.br\\\/cartoes\\\/contato\\\/\"]}]},{\"@type\":\"BreadcrumbList\",\"@id\":\"https:\\\/\\\/iraildobarbosa.com.br\\\/cartoes\\\/contato\\\/#breadcrumb\",\"itemListElement\":[{\"@type\":\"ListItem\",\"position\":1,\"name\":\"Home\",\"item\":\"https:\\\/\\\/iraildobarbosa.com.br\\\/cartoes\\\/\"},{\"@type\":\"ListItem\",\"position\":2,\"name\":\"Contato\"}]},{\"@type\":\"WebSite\",\"@id\":\"https:\\\/\\\/iraildobarbosa.com.br\\\/cartoes\\\/#website\",\"url\":\"https:\\\/\\\/iraildobarbosa.com.br\\\/cartoes\\\/\",\"name\":\"Iraildo Cart\u00f5es\",\"description\":\"O seu guia para maximizar os ganhos com cart\u00f5es de cr\u00e9dito. Junte-se \u00e0 comunidade!\",\"publisher\":{\"@id\":\"https:\\\/\\\/iraildobarbosa.com.br\\\/cartoes\\\/#organization\"},\"potentialAction\":[{\"@type\":\"SearchAction\",\"target\":{\"@type\":\"EntryPoint\",\"urlTemplate\":\"https:\\\/\\\/iraildobarbosa.com.br\\\/cartoes\\\/?s={search_term_string}\"},\"query-input\":{\"@type\":\"PropertyValueSpecification\",\"valueRequired\":true,\"valueName\":\"search_term_string\"}}],\"inLanguage\":\"pt-BR\"},{\"@type\":\"Organization\",\"@id\":\"https:\\\/\\\/iraildobarbosa.com.br\\\/cartoes\\\/#organization\",\"name\":\"Iraildo Cart\u00f5es\",\"url\":\"https:\\\/\\\/iraildobarbosa.com.br\\\/cartoes\\\/\",\"logo\":{\"@type\":\"ImageObject\",\"inLanguage\":\"pt-BR\",\"@id\":\"https:\\\/\\\/iraildobarbosa.com.br\\\/cartoes\\\/#\\\/schema\\\/logo\\\/image\\\/\",\"url\":\"https:\\\/\\\/iraildobarbosa.com.br\\\/cartoes\\\/wp-content\\\/uploads\\\/2026\\\/02\\\/cropped-icon.png\",\"contentUrl\":\"https:\\\/\\\/iraildobarbosa.com.br\\\/cartoes\\\/wp-content\\\/uploads\\\/2026\\\/02\\\/cropped-icon.png\",\"width\":512,\"height\":512,\"caption\":\"Iraildo Cart\u00f5es\"},\"image\":{\"@id\":\"https:\\\/\\\/iraildobarbosa.com.br\\\/cartoes\\\/#\\\/schema\\\/logo\\\/image\\\/\"}}]}<\/script>\n<!-- \/ Yoast SEO Premium plugin. -->","yoast_head_json":{"title":"Contato - Iraildo Cart\u00f5es","robots":{"index":"index","follow":"follow","max-snippet":"max-snippet:-1","max-image-preview":"max-image-preview:large","max-video-preview":"max-video-preview:-1"},"canonical":"https:\/\/iraildobarbosa.com.br\/cartoes\/contato\/","og_locale":"pt_BR","og_type":"article","og_title":"Contato","og_description":"Entre em Contato Se voc\u00ea tiver alguma d\u00favida, coment\u00e1rio ou consulta sobre nossos servi\u00e7os ou conte\u00fado, n\u00e3o hesite em nos contatar. Estamos aqui para ajudar e responder a todas as suas perguntas da melhor maneira poss\u00edvel. Como Entrar em Contato Voc\u00ea pode entrar em contato conosco de diversas maneiras:","og_url":"https:\/\/iraildobarbosa.com.br\/cartoes\/contato\/","og_site_name":"Iraildo Cart\u00f5es","article_modified_time":"2024-06-01T17:00:14+00:00","twitter_card":"summary_large_image","twitter_misc":{"Est. tempo de leitura":"1 minuto"},"schema":{"@context":"https:\/\/schema.org","@graph":[{"@type":"WebPage","@id":"https:\/\/iraildobarbosa.com.br\/cartoes\/contato\/","url":"https:\/\/iraildobarbosa.com.br\/cartoes\/contato\/","name":"Contato - Iraildo Cart\u00f5es","isPartOf":{"@id":"https:\/\/iraildobarbosa.com.br\/cartoes\/#website"},"datePublished":"2021-07-02T07:45:43+00:00","dateModified":"2024-06-01T17:00:14+00:00","breadcrumb":{"@id":"https:\/\/iraildobarbosa.com.br\/cartoes\/contato\/#breadcrumb"},"inLanguage":"pt-BR","potentialAction":[{"@type":"ReadAction","target":["https:\/\/iraildobarbosa.com.br\/cartoes\/contato\/"]}]},{"@type":"BreadcrumbList","@id":"https:\/\/iraildobarbosa.com.br\/cartoes\/contato\/#breadcrumb","itemListElement":[{"@type":"ListItem","position":1,"name":"Home","item":"https:\/\/iraildobarbosa.com.br\/cartoes\/"},{"@type":"ListItem","position":2,"name":"Contato"}]},{"@type":"WebSite","@id":"https:\/\/iraildobarbosa.com.br\/cartoes\/#website","url":"https:\/\/iraildobarbosa.com.br\/cartoes\/","name":"Iraildo Cart\u00f5es","description":"O seu guia para maximizar os ganhos com cart\u00f5es de cr\u00e9dito. Junte-se \u00e0 comunidade!","publisher":{"@id":"https:\/\/iraildobarbosa.com.br\/cartoes\/#organization"},"potentialAction":[{"@type":"SearchAction","target":{"@type":"EntryPoint","urlTemplate":"https:\/\/iraildobarbosa.com.br\/cartoes\/?s={search_term_string}"},"query-input":{"@type":"PropertyValueSpecification","valueRequired":true,"valueName":"search_term_string"}}],"inLanguage":"pt-BR"},{"@type":"Organization","@id":"https:\/\/iraildobarbosa.com.br\/cartoes\/#organization","name":"Iraildo Cart\u00f5es","url":"https:\/\/iraildobarbosa.com.br\/cartoes\/","logo":{"@type":"ImageObject","inLanguage":"pt-BR","@id":"https:\/\/iraildobarbosa.com.br\/cartoes\/#\/schema\/logo\/image\/","url":"https:\/\/iraildobarbosa.com.br\/cartoes\/wp-content\/uploads\/2026\/02\/cropped-icon.png","contentUrl":"https:\/\/iraildobarbosa.com.br\/cartoes\/wp-content\/uploads\/2026\/02\/cropped-icon.png","width":512,"height":512,"caption":"Iraildo Cart\u00f5es"},"image":{"@id":"https:\/\/iraildobarbosa.com.br\/cartoes\/#\/schema\/logo\/image\/"}}]}},"jetpack_sharing_enabled":true,"_links":{"self":[{"href":"https:\/\/iraildobarbosa.com.br\/cartoes\/wp-json\/wp\/v2\/pages\/99","targetHints":{"allow":["GET"]}}],"collection":[{"href":"https:\/\/iraildobarbosa.com.br\/cartoes\/wp-json\/wp\/v2\/pages"}],"about":[{"href":"https:\/\/iraildobarbosa.com.br\/cartoes\/wp-json\/wp\/v2\/types\/page"}],"author":[{"embeddable":true,"href":"https:\/\/iraildobarbosa.com.br\/cartoes\/wp-json\/wp\/v2\/users\/1"}],"replies":[{"embeddable":true,"href":"https:\/\/iraildobarbosa.com.br\/cartoes\/wp-json\/wp\/v2\/comments?post=99"}],"version-history":[{"count":3,"href":"https:\/\/iraildobarbosa.com.br\/cartoes\/wp-json\/wp\/v2\/pages\/99\/revisions"}],"predecessor-version":[{"id":396,"href":"https:\/\/iraildobarbosa.com.br\/cartoes\/wp-json\/wp\/v2\/pages\/99\/revisions\/396"}],"wp:attachment":[{"href":"https:\/\/iraildobarbosa.com.br\/cartoes\/wp-json\/wp\/v2\/media?parent=99"}],"curies":[{"name":"wp","href":"https:\/\/api.w.org\/{rel}","templated":true}]}}