{"id":227,"date":"2024-04-14T18:55:35","date_gmt":"2024-04-14T18:55:35","guid":{"rendered":"https:\/\/cartoes.blogadsenseaprovado.com.br\/?page_id=227"},"modified":"2024-06-01T16:56:17","modified_gmt":"2024-06-01T16:56:17","slug":"termos-e-condicoes","status":"publish","type":"page","link":"https:\/\/iraildobarbosa.com.br\/cartoes\/termos-e-condicoes\/","title":{"rendered":"Termos e Condi\u00e7\u00f5es"},"content":{"rendered":"\n<h2 class=\"wp-block-heading\" id=\"h-1-termos\">1. Termos<\/h2>\n\n\n\n<p>Ao acessar ao site&nbsp;<a href=\"https:\/\/iraildobarbosa.com.br\/cartoes\">Iraildo cartoes<\/a>, concorda em cumprir estes termos de servi\u00e7o, todas as leis e regulamentos aplic\u00e1veis \u200b\u200be concorda que \u00e9 respons\u00e1vel pelo cumprimento de todas as leis locais aplic\u00e1veis. Se voc\u00ea n\u00e3o concordar com algum desses termos, est\u00e1 proibido de usar ou acessar este site. Os materiais contidos neste site s\u00e3o protegidos pelas leis de direitos autorais e marcas comerciais aplic\u00e1veis.<\/p>\n\n\n\n<h2 class=\"wp-block-heading\" id=\"h-2-uso-de-licenca\">2. Uso de Licen\u00e7a<\/h2>\n\n\n\n<p>\u00c9 concedida permiss\u00e3o para baixar temporariamente uma c\u00f3pia dos materiais (informa\u00e7\u00f5es ou software) no site Iraildo cartoes , apenas para visualiza\u00e7\u00e3o transit\u00f3ria pessoal e n\u00e3o comercial. Esta \u00e9 a concess\u00e3o de uma licen\u00e7a, n\u00e3o uma transfer\u00eancia de t\u00edtulo e, sob esta licen\u00e7a, voc\u00ea n\u00e3o pode:&nbsp;<\/p>\n\n\n\n<ol class=\"wp-block-list\">\n<li>modificar ou copiar os materiais;\u00a0<\/li>\n\n\n\n<li>usar os materiais para qualquer finalidade comercial ou para exibi\u00e7\u00e3o p\u00fablica (comercial ou n\u00e3o comercial);\u00a0<\/li>\n\n\n\n<li>tentar descompilar ou fazer engenharia reversa de qualquer software contido no site Iraildo cartoes;\u00a0<\/li>\n\n\n\n<li>remover quaisquer direitos autorais ou outras nota\u00e7\u00f5es de propriedade dos materiais; ou\u00a0<\/li>\n\n\n\n<li>transferir os materiais para outra pessoa ou &#8216;espelhe&#8217; os materiais em qualquer outro servidor.<\/li>\n<\/ol>\n\n\n\n<p>Esta licen\u00e7a ser\u00e1 automaticamente rescindida se voc\u00ea violar alguma dessas restri\u00e7\u00f5es e poder\u00e1 ser rescindida por Iraildo cartoes a qualquer momento. Ao encerrar a visualiza\u00e7\u00e3o desses materiais ou ap\u00f3s o t\u00e9rmino desta licen\u00e7a, voc\u00ea deve apagar todos os materiais baixados em sua posse, seja em formato eletr\u00f3nico ou impresso.<\/p>\n\n\n\n<h2 class=\"wp-block-heading\" id=\"h-3-isencao-de-responsabilidade\">3. Isen\u00e7\u00e3o de responsabilidade<\/h2>\n\n\n\n<ol class=\"wp-block-list\">\n<li>Os materiais no site da Iraildo cartoes s\u00e3o fornecidos &#8216;como est\u00e3o&#8217;. Iraildo cartoes n\u00e3o oferece garantias, expressas ou impl\u00edcitas, e, por este meio, isenta e nega todas as outras garantias, incluindo, sem limita\u00e7\u00e3o, garantias impl\u00edcitas ou condi\u00e7\u00f5es de comercializa\u00e7\u00e3o, adequa\u00e7\u00e3o a um fim espec\u00edfico ou n\u00e3o viola\u00e7\u00e3o de propriedade intelectual ou outra viola\u00e7\u00e3o de direitos.<\/li>\n\n\n\n<li>Al\u00e9m disso, o Iraildo cartoes n\u00e3o garante ou faz qualquer representa\u00e7\u00e3o relativa \u00e0 precis\u00e3o, aos resultados prov\u00e1veis \u200b\u200bou \u00e0 confiabilidade do uso dos materiais em seu site ou de outra forma relacionado a esses materiais ou em sites vinculados a este site.<\/li>\n<\/ol>\n\n\n\n<h2 class=\"wp-block-heading\" id=\"h-4-limitacoes\">4. Limita\u00e7\u00f5es<\/h2>\n\n\n\n<p>Em nenhum caso o Iraildo cartoes ou seus fornecedores ser\u00e3o respons\u00e1veis \u200b\u200bpor quaisquer danos (incluindo, sem limita\u00e7\u00e3o, danos por perda de dados ou lucro ou devido a interrup\u00e7\u00e3o dos neg\u00f3cios) decorrentes do uso ou da incapacidade de usar os materiais em Iraildo cartoes, mesmo que Iraildo cartoes ou um representante autorizado da Iraildo cartoes tenha sido notificado oralmente ou por escrito da possibilidade de tais danos. Como algumas jurisdi\u00e7\u00f5es n\u00e3o permitem limita\u00e7\u00f5es em garantias impl\u00edcitas, ou limita\u00e7\u00f5es de responsabilidade por danos conseq\u00fcentes ou incidentais, essas limita\u00e7\u00f5es podem n\u00e3o se aplicar a voc\u00ea.<\/p>\n\n\n\n<h2 class=\"wp-block-heading\" id=\"h-5-precisao-dos-materiais\">5. Precis\u00e3o dos materiais<\/h2>\n\n\n\n<p>Os materiais exibidos no site da Iraildo cartoes podem incluir erros t\u00e9cnicos, tipogr\u00e1ficos ou fotogr\u00e1ficos. Iraildo cartoes n\u00e3o garante que qualquer material em seu site seja preciso, completo ou atual. Iraildo cartoes pode fazer altera\u00e7\u00f5es nos materiais contidos em seu site a qualquer momento, sem aviso pr\u00e9vio. No entanto, Iraildo cartoes n\u00e3o se compromete a atualizar os materiais.<\/p>\n\n\n\n<h2 class=\"wp-block-heading\" id=\"h-6-links\">6. Links<\/h2>\n\n\n\n<p>O Iraildo cartoes n\u00e3o analisou todos os sites vinculados ao seu site e n\u00e3o \u00e9 respons\u00e1vel pelo conte\u00fado de nenhum site vinculado. A inclus\u00e3o de qualquer link n\u00e3o implica endosso por Iraildo cartoes do site. O uso de qualquer site vinculado \u00e9 por conta e risco do usu\u00e1rio.<\/p>\n\n\n\n<h3 class=\"wp-block-heading\" id=\"h-modificacoes\">Modifica\u00e7\u00f5es<\/h3>\n\n\n\n<p>O Iraildo cartoes pode revisar estes termos de servi\u00e7o do site a qualquer momento, sem aviso pr\u00e9vio. Ao usar este site, voc\u00ea concorda em ficar vinculado \u00e0 vers\u00e3o atual desses termos de servi\u00e7o.<\/p>\n\n\n\n<h3 class=\"wp-block-heading\" id=\"h-lei-aplicavel\">Lei aplic\u00e1vel<\/h3>\n\n\n\n<p>Estes termos e condi\u00e7\u00f5es s\u00e3o regidos e interpretados de acordo com as leis do Iraildo cartoes e voc\u00ea se submete irrevogavelmente \u00e0 jurisdi\u00e7\u00e3o exclusiva dos tribunais naquele estado ou localidade.<\/p>\n","protected":false},"excerpt":{"rendered":"<p>1. Termos Ao acessar ao site&nbsp;Iraildo cartoes, concorda em cumprir estes termos de servi\u00e7o, todas as leis e regulamentos aplic\u00e1veis \u200b\u200be concorda que \u00e9 respons\u00e1vel pelo cumprimento de todas as leis locais aplic\u00e1veis. Se voc\u00ea n\u00e3o concordar com algum desses termos, est\u00e1 proibido de usar ou acessar este site. Os materiais contidos neste site s\u00e3o [&hellip;]<\/p>\n","protected":false},"author":1,"featured_media":0,"parent":0,"menu_order":0,"comment_status":"closed","ping_status":"closed","template":"","meta":{"content-type":"","footnotes":""},"class_list":["post-227","page","type-page","status-publish"],"yoast_head":"<!-- This site is optimized with the Yoast SEO Premium plugin v24.1 (Yoast SEO v27.5) - https:\/\/yoast.com\/product\/yoast-seo-premium-wordpress\/ -->\n<title>Termos e Condi\u00e7\u00f5es - Iraildo Cart\u00f5es<\/title>\n<meta name=\"robots\" content=\"index, follow, max-snippet:-1, max-image-preview:large, max-video-preview:-1\" \/>\n<link rel=\"canonical\" href=\"https:\/\/iraildobarbosa.com.br\/cartoes\/termos-e-condicoes\/\" \/>\n<meta property=\"og:locale\" content=\"pt_BR\" \/>\n<meta property=\"og:type\" content=\"article\" \/>\n<meta property=\"og:title\" content=\"Termos e Condi\u00e7\u00f5es\" \/>\n<meta property=\"og:description\" content=\"1. Termos Ao acessar ao site&nbsp;Iraildo cartoes, concorda em cumprir estes termos de servi\u00e7o, todas as leis e regulamentos aplic\u00e1veis \u200b\u200be concorda que \u00e9 respons\u00e1vel pelo cumprimento de todas as leis locais aplic\u00e1veis. Se voc\u00ea n\u00e3o concordar com algum desses termos, est\u00e1 proibido de usar ou acessar este site. Os materiais contidos neste site s\u00e3o [&hellip;]\" \/>\n<meta property=\"og:url\" content=\"https:\/\/iraildobarbosa.com.br\/cartoes\/termos-e-condicoes\/\" \/>\n<meta property=\"og:site_name\" content=\"Iraildo Cart\u00f5es\" \/>\n<meta property=\"article:modified_time\" content=\"2024-06-01T16:56:17+00:00\" \/>\n<meta name=\"twitter:card\" content=\"summary_large_image\" \/>\n<meta name=\"twitter:label1\" content=\"Est. tempo de leitura\" \/>\n\t<meta name=\"twitter:data1\" content=\"4 minutos\" \/>\n<script type=\"application\/ld+json\" class=\"yoast-schema-graph\">{\"@context\":\"https:\\\/\\\/schema.org\",\"@graph\":[{\"@type\":\"WebPage\",\"@id\":\"https:\\\/\\\/iraildobarbosa.com.br\\\/cartoes\\\/termos-e-condicoes\\\/\",\"url\":\"https:\\\/\\\/iraildobarbosa.com.br\\\/cartoes\\\/termos-e-condicoes\\\/\",\"name\":\"Termos e Condi\u00e7\u00f5es - Iraildo Cart\u00f5es\",\"isPartOf\":{\"@id\":\"https:\\\/\\\/iraildobarbosa.com.br\\\/cartoes\\\/#website\"},\"datePublished\":\"2024-04-14T18:55:35+00:00\",\"dateModified\":\"2024-06-01T16:56:17+00:00\",\"breadcrumb\":{\"@id\":\"https:\\\/\\\/iraildobarbosa.com.br\\\/cartoes\\\/termos-e-condicoes\\\/#breadcrumb\"},\"inLanguage\":\"pt-BR\",\"potentialAction\":[{\"@type\":\"ReadAction\",\"target\":[\"https:\\\/\\\/iraildobarbosa.com.br\\\/cartoes\\\/termos-e-condicoes\\\/\"]}]},{\"@type\":\"BreadcrumbList\",\"@id\":\"https:\\\/\\\/iraildobarbosa.com.br\\\/cartoes\\\/termos-e-condicoes\\\/#breadcrumb\",\"itemListElement\":[{\"@type\":\"ListItem\",\"position\":1,\"name\":\"Home\",\"item\":\"https:\\\/\\\/iraildobarbosa.com.br\\\/cartoes\\\/\"},{\"@type\":\"ListItem\",\"position\":2,\"name\":\"Termos e Condi\u00e7\u00f5es\"}]},{\"@type\":\"WebSite\",\"@id\":\"https:\\\/\\\/iraildobarbosa.com.br\\\/cartoes\\\/#website\",\"url\":\"https:\\\/\\\/iraildobarbosa.com.br\\\/cartoes\\\/\",\"name\":\"Iraildo Cart\u00f5es\",\"description\":\"O seu guia para maximizar os ganhos com cart\u00f5es de cr\u00e9dito. Junte-se \u00e0 comunidade!\",\"publisher\":{\"@id\":\"https:\\\/\\\/iraildobarbosa.com.br\\\/cartoes\\\/#organization\"},\"potentialAction\":[{\"@type\":\"SearchAction\",\"target\":{\"@type\":\"EntryPoint\",\"urlTemplate\":\"https:\\\/\\\/iraildobarbosa.com.br\\\/cartoes\\\/?s={search_term_string}\"},\"query-input\":{\"@type\":\"PropertyValueSpecification\",\"valueRequired\":true,\"valueName\":\"search_term_string\"}}],\"inLanguage\":\"pt-BR\"},{\"@type\":\"Organization\",\"@id\":\"https:\\\/\\\/iraildobarbosa.com.br\\\/cartoes\\\/#organization\",\"name\":\"Iraildo Cart\u00f5es\",\"url\":\"https:\\\/\\\/iraildobarbosa.com.br\\\/cartoes\\\/\",\"logo\":{\"@type\":\"ImageObject\",\"inLanguage\":\"pt-BR\",\"@id\":\"https:\\\/\\\/iraildobarbosa.com.br\\\/cartoes\\\/#\\\/schema\\\/logo\\\/image\\\/\",\"url\":\"https:\\\/\\\/iraildobarbosa.com.br\\\/cartoes\\\/wp-content\\\/uploads\\\/2026\\\/02\\\/cropped-icon.png\",\"contentUrl\":\"https:\\\/\\\/iraildobarbosa.com.br\\\/cartoes\\\/wp-content\\\/uploads\\\/2026\\\/02\\\/cropped-icon.png\",\"width\":512,\"height\":512,\"caption\":\"Iraildo Cart\u00f5es\"},\"image\":{\"@id\":\"https:\\\/\\\/iraildobarbosa.com.br\\\/cartoes\\\/#\\\/schema\\\/logo\\\/image\\\/\"}}]}<\/script>\n<!-- \/ Yoast SEO Premium plugin. -->","yoast_head_json":{"title":"Termos e Condi\u00e7\u00f5es - Iraildo Cart\u00f5es","robots":{"index":"index","follow":"follow","max-snippet":"max-snippet:-1","max-image-preview":"max-image-preview:large","max-video-preview":"max-video-preview:-1"},"canonical":"https:\/\/iraildobarbosa.com.br\/cartoes\/termos-e-condicoes\/","og_locale":"pt_BR","og_type":"article","og_title":"Termos e Condi\u00e7\u00f5es","og_description":"1. Termos Ao acessar ao site&nbsp;Iraildo cartoes, concorda em cumprir estes termos de servi\u00e7o, todas as leis e regulamentos aplic\u00e1veis \u200b\u200be concorda que \u00e9 respons\u00e1vel pelo cumprimento de todas as leis locais aplic\u00e1veis. Se voc\u00ea n\u00e3o concordar com algum desses termos, est\u00e1 proibido de usar ou acessar este site. Os materiais contidos neste site s\u00e3o [&hellip;]","og_url":"https:\/\/iraildobarbosa.com.br\/cartoes\/termos-e-condicoes\/","og_site_name":"Iraildo Cart\u00f5es","article_modified_time":"2024-06-01T16:56:17+00:00","twitter_card":"summary_large_image","twitter_misc":{"Est. tempo de leitura":"4 minutos"},"schema":{"@context":"https:\/\/schema.org","@graph":[{"@type":"WebPage","@id":"https:\/\/iraildobarbosa.com.br\/cartoes\/termos-e-condicoes\/","url":"https:\/\/iraildobarbosa.com.br\/cartoes\/termos-e-condicoes\/","name":"Termos e Condi\u00e7\u00f5es - Iraildo Cart\u00f5es","isPartOf":{"@id":"https:\/\/iraildobarbosa.com.br\/cartoes\/#website"},"datePublished":"2024-04-14T18:55:35+00:00","dateModified":"2024-06-01T16:56:17+00:00","breadcrumb":{"@id":"https:\/\/iraildobarbosa.com.br\/cartoes\/termos-e-condicoes\/#breadcrumb"},"inLanguage":"pt-BR","potentialAction":[{"@type":"ReadAction","target":["https:\/\/iraildobarbosa.com.br\/cartoes\/termos-e-condicoes\/"]}]},{"@type":"BreadcrumbList","@id":"https:\/\/iraildobarbosa.com.br\/cartoes\/termos-e-condicoes\/#breadcrumb","itemListElement":[{"@type":"ListItem","position":1,"name":"Home","item":"https:\/\/iraildobarbosa.com.br\/cartoes\/"},{"@type":"ListItem","position":2,"name":"Termos e Condi\u00e7\u00f5es"}]},{"@type":"WebSite","@id":"https:\/\/iraildobarbosa.com.br\/cartoes\/#website","url":"https:\/\/iraildobarbosa.com.br\/cartoes\/","name":"Iraildo Cart\u00f5es","description":"O seu guia para maximizar os ganhos com cart\u00f5es de cr\u00e9dito. Junte-se \u00e0 comunidade!","publisher":{"@id":"https:\/\/iraildobarbosa.com.br\/cartoes\/#organization"},"potentialAction":[{"@type":"SearchAction","target":{"@type":"EntryPoint","urlTemplate":"https:\/\/iraildobarbosa.com.br\/cartoes\/?s={search_term_string}"},"query-input":{"@type":"PropertyValueSpecification","valueRequired":true,"valueName":"search_term_string"}}],"inLanguage":"pt-BR"},{"@type":"Organization","@id":"https:\/\/iraildobarbosa.com.br\/cartoes\/#organization","name":"Iraildo Cart\u00f5es","url":"https:\/\/iraildobarbosa.com.br\/cartoes\/","logo":{"@type":"ImageObject","inLanguage":"pt-BR","@id":"https:\/\/iraildobarbosa.com.br\/cartoes\/#\/schema\/logo\/image\/","url":"https:\/\/iraildobarbosa.com.br\/cartoes\/wp-content\/uploads\/2026\/02\/cropped-icon.png","contentUrl":"https:\/\/iraildobarbosa.com.br\/cartoes\/wp-content\/uploads\/2026\/02\/cropped-icon.png","width":512,"height":512,"caption":"Iraildo Cart\u00f5es"},"image":{"@id":"https:\/\/iraildobarbosa.com.br\/cartoes\/#\/schema\/logo\/image\/"}}]}},"jetpack_sharing_enabled":true,"_links":{"self":[{"href":"https:\/\/iraildobarbosa.com.br\/cartoes\/wp-json\/wp\/v2\/pages\/227","targetHints":{"allow":["GET"]}}],"collection":[{"href":"https:\/\/iraildobarbosa.com.br\/cartoes\/wp-json\/wp\/v2\/pages"}],"about":[{"href":"https:\/\/iraildobarbosa.com.br\/cartoes\/wp-json\/wp\/v2\/types\/page"}],"author":[{"embeddable":true,"href":"https:\/\/iraildobarbosa.com.br\/cartoes\/wp-json\/wp\/v2\/users\/1"}],"replies":[{"embeddable":true,"href":"https:\/\/iraildobarbosa.com.br\/cartoes\/wp-json\/wp\/v2\/comments?post=227"}],"version-history":[{"count":3,"href":"https:\/\/iraildobarbosa.com.br\/cartoes\/wp-json\/wp\/v2\/pages\/227\/revisions"}],"predecessor-version":[{"id":394,"href":"https:\/\/iraildobarbosa.com.br\/cartoes\/wp-json\/wp\/v2\/pages\/227\/revisions\/394"}],"wp:attachment":[{"href":"https:\/\/iraildobarbosa.com.br\/cartoes\/wp-json\/wp\/v2\/media?parent=227"}],"curies":[{"name":"wp","href":"https:\/\/api.w.org\/{rel}","templated":true}]}}