{"id":176,"date":"2024-04-14T01:45:32","date_gmt":"2024-04-14T01:45:32","guid":{"rendered":"https:\/\/cartoes.blogadsenseaprovado.com.br\/?page_id=176"},"modified":"2024-06-01T17:28:57","modified_gmt":"2024-06-01T17:28:57","slug":"aviso-legal","status":"publish","type":"page","link":"https:\/\/iraildobarbosa.com.br\/cartoes\/aviso-legal\/","title":{"rendered":"Aviso legal"},"content":{"rendered":"\n<p><strong>Aviso Legal<\/strong><\/p>\n\n\n\n<p>Obrigado por visitar o site de <a href=\"https:\/\/iraildobarbosa.com.br\/cartoes\" target=\"_blank\" rel=\"noreferrer noopener\">Iraildo Barbosa<\/a> (&#8220;https:\/\/iraildobarbosa.com.br\/cartoes&#8221;). Ao acessar ou usar este Site, voc\u00ea concorda em cumprir e se vincular aos seguintes termos e condi\u00e7\u00f5es de uso, que, juntamente com nossa Pol\u00edtica de Privacidade, regem seu relacionamento com Iraildo Barbosa em rela\u00e7\u00e3o a este site. Se voc\u00ea discordar de qualquer parte destes termos e condi\u00e7\u00f5es, por favor, n\u00e3o use nosso site.<\/p>\n\n\n\n<p><strong>O uso deste site est\u00e1 sujeito aos seguintes termos de uso:<\/strong><\/p>\n\n\n\n<ul class=\"wp-block-list\">\n<li>O conte\u00fado das p\u00e1ginas deste site \u00e9 apenas para sua informa\u00e7\u00e3o e uso geral. Est\u00e1 sujeito a altera\u00e7\u00f5es sem aviso pr\u00e9vio.<\/li>\n\n\n\n<li>Nem n\u00f3s nem terceiros fornecemos qualquer garantia ou garantia quanto \u00e0 precis\u00e3o, pontualidade, desempenho, completude ou adequa\u00e7\u00e3o das informa\u00e7\u00f5es e materiais encontrados ou oferecidos neste site para qualquer finalidade espec\u00edfica. Voc\u00ea reconhece que tais informa\u00e7\u00f5es e materiais podem conter imprecis\u00f5es ou erros e expressamente exclu\u00edmos a responsabilidade por quaisquer imprecis\u00f5es ou erros na extens\u00e3o m\u00e1xima permitida por lei.<\/li>\n\n\n\n<li>Seu uso de qualquer informa\u00e7\u00e3o ou materiais neste site \u00e9 inteiramente por sua pr\u00f3pria conta e risco, e n\u00e3o seremos respons\u00e1veis por isso. Ser\u00e1 de sua responsabilidade garantir que quaisquer produtos, servi\u00e7os ou informa\u00e7\u00f5es dispon\u00edveis atrav\u00e9s deste site atendam aos seus requisitos espec\u00edficos.<\/li>\n\n\n\n<li>Este site cont\u00e9m material que \u00e9 de propriedade ou licenciado para n\u00f3s. Este material inclui, mas n\u00e3o est\u00e1 limitado ao design, layout, apar\u00eancia e gr\u00e1ficos. A reprodu\u00e7\u00e3o \u00e9 proibida, exceto de acordo com o aviso de direitos autorais, que faz parte destes termos e condi\u00e7\u00f5es.<\/li>\n\n\n\n<li>Todas as marcas registradas reproduzidas neste site, que n\u00e3o s\u00e3o de propriedade ou licenciadas pelo operador, s\u00e3o reconhecidas no site.<\/li>\n\n\n\n<li>O uso n\u00e3o autorizado deste site pode dar origem a uma reivindica\u00e7\u00e3o por danos e\/ou ser considerado um crime.<\/li>\n\n\n\n<li>De tempos em tempos, este site pode incluir links para outros sites. Esses links s\u00e3o fornecidos para sua conveni\u00eancia para fornecer mais informa\u00e7\u00f5es. Eles n\u00e3o significam que endossamos o(s) site(s). N\u00e3o temos responsabilidade pelo conte\u00fado do site(s) vinculado(s).<\/li>\n\n\n\n<li>Seu uso deste site e qualquer disputa decorrente desse uso do site est\u00e1 sujeito \u00e0s leis do Brasil.<\/li>\n<\/ul>\n\n\n\n<p><strong>Informa\u00e7\u00f5es de Contato:<\/strong><\/p>\n\n\n\n<p>Se voc\u00ea tiver alguma d\u00favida sobre estes termos e condi\u00e7\u00f5es, poder\u00e1 nos contatar usando as informa\u00e7\u00f5es abaixo:<\/p>\n\n\n\n<p>E-mail: <a>contato@iraildobarbosa.com.br<\/a><\/p>\n","protected":false},"excerpt":{"rendered":"<p>Aviso Legal Obrigado por visitar o site de Iraildo Barbosa (&#8220;https:\/\/iraildobarbosa.com.br\/cartoes&#8221;). Ao acessar ou usar este Site, voc\u00ea concorda em cumprir e se vincular aos seguintes termos e condi\u00e7\u00f5es de uso, que, juntamente com nossa Pol\u00edtica de Privacidade, regem seu relacionamento com Iraildo Barbosa em rela\u00e7\u00e3o a este site. Se voc\u00ea discordar de qualquer parte [&hellip;]<\/p>\n","protected":false},"author":1,"featured_media":0,"parent":0,"menu_order":0,"comment_status":"closed","ping_status":"closed","template":"","meta":{"content-type":"","footnotes":""},"class_list":["post-176","page","type-page","status-publish"],"yoast_head":"<!-- This site is optimized with the Yoast SEO Premium plugin v24.1 (Yoast SEO v27.5) - https:\/\/yoast.com\/product\/yoast-seo-premium-wordpress\/ -->\n<title>Aviso legal - Iraildo Cart\u00f5es<\/title>\n<meta name=\"robots\" content=\"index, follow, max-snippet:-1, max-image-preview:large, max-video-preview:-1\" \/>\n<link rel=\"canonical\" href=\"https:\/\/iraildobarbosa.com.br\/cartoes\/aviso-legal\/\" \/>\n<meta property=\"og:locale\" content=\"pt_BR\" \/>\n<meta property=\"og:type\" content=\"article\" \/>\n<meta property=\"og:title\" content=\"Aviso legal\" \/>\n<meta property=\"og:description\" content=\"Aviso Legal Obrigado por visitar o site de Iraildo Barbosa (&#8220;https:\/\/iraildobarbosa.com.br\/cartoes&#8221;). Ao acessar ou usar este Site, voc\u00ea concorda em cumprir e se vincular aos seguintes termos e condi\u00e7\u00f5es de uso, que, juntamente com nossa Pol\u00edtica de Privacidade, regem seu relacionamento com Iraildo Barbosa em rela\u00e7\u00e3o a este site. Se voc\u00ea discordar de qualquer parte [&hellip;]\" \/>\n<meta property=\"og:url\" content=\"https:\/\/iraildobarbosa.com.br\/cartoes\/aviso-legal\/\" \/>\n<meta property=\"og:site_name\" content=\"Iraildo Cart\u00f5es\" \/>\n<meta property=\"article:modified_time\" content=\"2024-06-01T17:28:57+00:00\" \/>\n<meta name=\"twitter:card\" content=\"summary_large_image\" \/>\n<meta name=\"twitter:label1\" content=\"Est. tempo de leitura\" \/>\n\t<meta name=\"twitter:data1\" content=\"2 minutos\" \/>\n<script type=\"application\/ld+json\" class=\"yoast-schema-graph\">{\"@context\":\"https:\\\/\\\/schema.org\",\"@graph\":[{\"@type\":\"WebPage\",\"@id\":\"https:\\\/\\\/iraildobarbosa.com.br\\\/cartoes\\\/aviso-legal\\\/\",\"url\":\"https:\\\/\\\/iraildobarbosa.com.br\\\/cartoes\\\/aviso-legal\\\/\",\"name\":\"Aviso legal - Iraildo Cart\u00f5es\",\"isPartOf\":{\"@id\":\"https:\\\/\\\/iraildobarbosa.com.br\\\/cartoes\\\/#website\"},\"datePublished\":\"2024-04-14T01:45:32+00:00\",\"dateModified\":\"2024-06-01T17:28:57+00:00\",\"breadcrumb\":{\"@id\":\"https:\\\/\\\/iraildobarbosa.com.br\\\/cartoes\\\/aviso-legal\\\/#breadcrumb\"},\"inLanguage\":\"pt-BR\",\"potentialAction\":[{\"@type\":\"ReadAction\",\"target\":[\"https:\\\/\\\/iraildobarbosa.com.br\\\/cartoes\\\/aviso-legal\\\/\"]}]},{\"@type\":\"BreadcrumbList\",\"@id\":\"https:\\\/\\\/iraildobarbosa.com.br\\\/cartoes\\\/aviso-legal\\\/#breadcrumb\",\"itemListElement\":[{\"@type\":\"ListItem\",\"position\":1,\"name\":\"Home\",\"item\":\"https:\\\/\\\/iraildobarbosa.com.br\\\/cartoes\\\/\"},{\"@type\":\"ListItem\",\"position\":2,\"name\":\"Aviso legal\"}]},{\"@type\":\"WebSite\",\"@id\":\"https:\\\/\\\/iraildobarbosa.com.br\\\/cartoes\\\/#website\",\"url\":\"https:\\\/\\\/iraildobarbosa.com.br\\\/cartoes\\\/\",\"name\":\"Iraildo Cart\u00f5es\",\"description\":\"O seu guia para maximizar os ganhos com cart\u00f5es de cr\u00e9dito. Junte-se \u00e0 comunidade!\",\"publisher\":{\"@id\":\"https:\\\/\\\/iraildobarbosa.com.br\\\/cartoes\\\/#organization\"},\"potentialAction\":[{\"@type\":\"SearchAction\",\"target\":{\"@type\":\"EntryPoint\",\"urlTemplate\":\"https:\\\/\\\/iraildobarbosa.com.br\\\/cartoes\\\/?s={search_term_string}\"},\"query-input\":{\"@type\":\"PropertyValueSpecification\",\"valueRequired\":true,\"valueName\":\"search_term_string\"}}],\"inLanguage\":\"pt-BR\"},{\"@type\":\"Organization\",\"@id\":\"https:\\\/\\\/iraildobarbosa.com.br\\\/cartoes\\\/#organization\",\"name\":\"Iraildo Cart\u00f5es\",\"url\":\"https:\\\/\\\/iraildobarbosa.com.br\\\/cartoes\\\/\",\"logo\":{\"@type\":\"ImageObject\",\"inLanguage\":\"pt-BR\",\"@id\":\"https:\\\/\\\/iraildobarbosa.com.br\\\/cartoes\\\/#\\\/schema\\\/logo\\\/image\\\/\",\"url\":\"https:\\\/\\\/iraildobarbosa.com.br\\\/cartoes\\\/wp-content\\\/uploads\\\/2026\\\/02\\\/cropped-icon.png\",\"contentUrl\":\"https:\\\/\\\/iraildobarbosa.com.br\\\/cartoes\\\/wp-content\\\/uploads\\\/2026\\\/02\\\/cropped-icon.png\",\"width\":512,\"height\":512,\"caption\":\"Iraildo Cart\u00f5es\"},\"image\":{\"@id\":\"https:\\\/\\\/iraildobarbosa.com.br\\\/cartoes\\\/#\\\/schema\\\/logo\\\/image\\\/\"}}]}<\/script>\n<!-- \/ Yoast SEO Premium plugin. -->","yoast_head_json":{"title":"Aviso legal - Iraildo Cart\u00f5es","robots":{"index":"index","follow":"follow","max-snippet":"max-snippet:-1","max-image-preview":"max-image-preview:large","max-video-preview":"max-video-preview:-1"},"canonical":"https:\/\/iraildobarbosa.com.br\/cartoes\/aviso-legal\/","og_locale":"pt_BR","og_type":"article","og_title":"Aviso legal","og_description":"Aviso Legal Obrigado por visitar o site de Iraildo Barbosa (&#8220;https:\/\/iraildobarbosa.com.br\/cartoes&#8221;). Ao acessar ou usar este Site, voc\u00ea concorda em cumprir e se vincular aos seguintes termos e condi\u00e7\u00f5es de uso, que, juntamente com nossa Pol\u00edtica de Privacidade, regem seu relacionamento com Iraildo Barbosa em rela\u00e7\u00e3o a este site. Se voc\u00ea discordar de qualquer parte [&hellip;]","og_url":"https:\/\/iraildobarbosa.com.br\/cartoes\/aviso-legal\/","og_site_name":"Iraildo Cart\u00f5es","article_modified_time":"2024-06-01T17:28:57+00:00","twitter_card":"summary_large_image","twitter_misc":{"Est. tempo de leitura":"2 minutos"},"schema":{"@context":"https:\/\/schema.org","@graph":[{"@type":"WebPage","@id":"https:\/\/iraildobarbosa.com.br\/cartoes\/aviso-legal\/","url":"https:\/\/iraildobarbosa.com.br\/cartoes\/aviso-legal\/","name":"Aviso legal - Iraildo Cart\u00f5es","isPartOf":{"@id":"https:\/\/iraildobarbosa.com.br\/cartoes\/#website"},"datePublished":"2024-04-14T01:45:32+00:00","dateModified":"2024-06-01T17:28:57+00:00","breadcrumb":{"@id":"https:\/\/iraildobarbosa.com.br\/cartoes\/aviso-legal\/#breadcrumb"},"inLanguage":"pt-BR","potentialAction":[{"@type":"ReadAction","target":["https:\/\/iraildobarbosa.com.br\/cartoes\/aviso-legal\/"]}]},{"@type":"BreadcrumbList","@id":"https:\/\/iraildobarbosa.com.br\/cartoes\/aviso-legal\/#breadcrumb","itemListElement":[{"@type":"ListItem","position":1,"name":"Home","item":"https:\/\/iraildobarbosa.com.br\/cartoes\/"},{"@type":"ListItem","position":2,"name":"Aviso legal"}]},{"@type":"WebSite","@id":"https:\/\/iraildobarbosa.com.br\/cartoes\/#website","url":"https:\/\/iraildobarbosa.com.br\/cartoes\/","name":"Iraildo Cart\u00f5es","description":"O seu guia para maximizar os ganhos com cart\u00f5es de cr\u00e9dito. Junte-se \u00e0 comunidade!","publisher":{"@id":"https:\/\/iraildobarbosa.com.br\/cartoes\/#organization"},"potentialAction":[{"@type":"SearchAction","target":{"@type":"EntryPoint","urlTemplate":"https:\/\/iraildobarbosa.com.br\/cartoes\/?s={search_term_string}"},"query-input":{"@type":"PropertyValueSpecification","valueRequired":true,"valueName":"search_term_string"}}],"inLanguage":"pt-BR"},{"@type":"Organization","@id":"https:\/\/iraildobarbosa.com.br\/cartoes\/#organization","name":"Iraildo Cart\u00f5es","url":"https:\/\/iraildobarbosa.com.br\/cartoes\/","logo":{"@type":"ImageObject","inLanguage":"pt-BR","@id":"https:\/\/iraildobarbosa.com.br\/cartoes\/#\/schema\/logo\/image\/","url":"https:\/\/iraildobarbosa.com.br\/cartoes\/wp-content\/uploads\/2026\/02\/cropped-icon.png","contentUrl":"https:\/\/iraildobarbosa.com.br\/cartoes\/wp-content\/uploads\/2026\/02\/cropped-icon.png","width":512,"height":512,"caption":"Iraildo Cart\u00f5es"},"image":{"@id":"https:\/\/iraildobarbosa.com.br\/cartoes\/#\/schema\/logo\/image\/"}}]}},"jetpack_sharing_enabled":true,"_links":{"self":[{"href":"https:\/\/iraildobarbosa.com.br\/cartoes\/wp-json\/wp\/v2\/pages\/176","targetHints":{"allow":["GET"]}}],"collection":[{"href":"https:\/\/iraildobarbosa.com.br\/cartoes\/wp-json\/wp\/v2\/pages"}],"about":[{"href":"https:\/\/iraildobarbosa.com.br\/cartoes\/wp-json\/wp\/v2\/types\/page"}],"author":[{"embeddable":true,"href":"https:\/\/iraildobarbosa.com.br\/cartoes\/wp-json\/wp\/v2\/users\/1"}],"replies":[{"embeddable":true,"href":"https:\/\/iraildobarbosa.com.br\/cartoes\/wp-json\/wp\/v2\/comments?post=176"}],"version-history":[{"count":4,"href":"https:\/\/iraildobarbosa.com.br\/cartoes\/wp-json\/wp\/v2\/pages\/176\/revisions"}],"predecessor-version":[{"id":399,"href":"https:\/\/iraildobarbosa.com.br\/cartoes\/wp-json\/wp\/v2\/pages\/176\/revisions\/399"}],"wp:attachment":[{"href":"https:\/\/iraildobarbosa.com.br\/cartoes\/wp-json\/wp\/v2\/media?parent=176"}],"curies":[{"name":"wp","href":"https:\/\/api.w.org\/{rel}","templated":true}]}}