{"id":170,"date":"2024-04-14T01:44:39","date_gmt":"2024-04-14T01:44:39","guid":{"rendered":"https:\/\/cartoes.blogadsenseaprovado.com.br\/?page_id=170"},"modified":"2024-11-27T00:32:29","modified_gmt":"2024-11-27T00:32:29","slug":"quem-somos","status":"publish","type":"page","link":"https:\/\/iraildobarbosa.com.br\/cartoes\/quem-somos\/","title":{"rendered":"Quem Somos"},"content":{"rendered":"\n<p>Quem Somos<\/p>\n\n\n\n<p>Bem-vindo ao <strong>Iraildo Cart\u00f5es<\/strong>!<\/p>\n\n\n\n<p>Somos um portal dedicado a oferecer as melhores informa\u00e7\u00f5es, dicas e orienta\u00e7\u00f5es sobre <strong>cart\u00f5es de cr\u00e9dito, cart\u00f5es pr\u00e9-pagos e outros servi\u00e7os financeiros<\/strong>. Nosso objetivo \u00e9 simplificar a vida dos nossos visitantes, ajudando-os a fazer escolhas mais conscientes e inteligentes quando se trata de servi\u00e7os financeiros.<\/p>\n\n\n\n<p>Por tr\u00e1s do <strong>Iraildo Cart\u00f5es<\/strong> est\u00e1 <strong>Iraildo Barbosa<\/strong>, um criador de conte\u00fado com mais de 7 anos de experi\u00eancia na produ\u00e7\u00e3o de artigos e v\u00eddeos no nicho de <strong>finan\u00e7as pessoais<\/strong>. Ao longo dessa trajet\u00f3ria, desenvolvi um profundo interesse por temas que impactam diretamente a vida financeira das pessoas, como os benef\u00edcios dos cart\u00f5es, programas de recompensas, e como us\u00e1-los de forma respons\u00e1vel.<\/p>\n\n\n\n<p>No <strong>Iraildo Cart\u00f5es<\/strong>, voc\u00ea encontrar\u00e1:<\/p>\n\n\n\n<ul class=\"wp-block-list\">\n<li><strong>Comparativos detalhados de cart\u00f5es de cr\u00e9dito<\/strong> para ajudar na escolha ideal para o seu perfil.<\/li>\n\n\n\n<li>Informa\u00e7\u00f5es sobre <strong>taxas, benef\u00edcios e programas de pontos<\/strong>.<\/li>\n\n\n\n<li>Dicas pr\u00e1ticas para <strong>evitar d\u00edvidas e melhorar sua sa\u00fade financeira<\/strong>.<\/li>\n\n\n\n<li>Conte\u00fado atualizado sobre as tend\u00eancias e novidades do mercado de cart\u00f5es.<\/li>\n<\/ul>\n\n\n\n<p>Nosso compromisso \u00e9 garantir que voc\u00ea tenha acesso a conte\u00fados confi\u00e1veis, claros e \u00fateis, sempre com foco em ajud\u00e1-lo a tomar decis\u00f5es financeiras mais acertadas.<\/p>\n\n\n\n<p>Se voc\u00ea deseja aprender mais sobre como usar seu cart\u00e3o de forma estrat\u00e9gica ou explorar novas op\u00e7\u00f5es no mercado, n\u00f3s estamos aqui para guiar voc\u00ea.<\/p>\n\n\n\n<p><strong>Siga conosco e transforme sua rela\u00e7\u00e3o com as finan\u00e7as!<\/strong><\/p>\n\n\n\n<p>Atenciosamente,<br><strong>Equipe Iraildo Cart\u00f5es<\/strong><\/p>\n","protected":false},"excerpt":{"rendered":"<p>Quem Somos Bem-vindo ao Iraildo Cart\u00f5es! Somos um portal dedicado a oferecer as melhores informa\u00e7\u00f5es, dicas e orienta\u00e7\u00f5es sobre cart\u00f5es de cr\u00e9dito, cart\u00f5es pr\u00e9-pagos e outros servi\u00e7os financeiros. Nosso objetivo \u00e9 simplificar a vida dos nossos visitantes, ajudando-os a fazer escolhas mais conscientes e inteligentes quando se trata de servi\u00e7os financeiros. Por tr\u00e1s do Iraildo [&hellip;]<\/p>\n","protected":false},"author":1,"featured_media":0,"parent":0,"menu_order":0,"comment_status":"closed","ping_status":"closed","template":"","meta":{"content-type":"","footnotes":""},"class_list":["post-170","page","type-page","status-publish"],"yoast_head":"<!-- This site is optimized with the Yoast SEO Premium plugin v24.1 (Yoast SEO v27.5) - https:\/\/yoast.com\/product\/yoast-seo-premium-wordpress\/ -->\n<title>Quem Somos - Iraildo Cart\u00f5es<\/title>\n<meta name=\"robots\" content=\"index, follow, max-snippet:-1, max-image-preview:large, max-video-preview:-1\" \/>\n<link rel=\"canonical\" href=\"https:\/\/iraildobarbosa.com.br\/cartoes\/quem-somos\/\" \/>\n<meta property=\"og:locale\" content=\"pt_BR\" \/>\n<meta property=\"og:type\" content=\"article\" \/>\n<meta property=\"og:title\" content=\"Quem Somos\" \/>\n<meta property=\"og:description\" content=\"Quem Somos Bem-vindo ao Iraildo Cart\u00f5es! Somos um portal dedicado a oferecer as melhores informa\u00e7\u00f5es, dicas e orienta\u00e7\u00f5es sobre cart\u00f5es de cr\u00e9dito, cart\u00f5es pr\u00e9-pagos e outros servi\u00e7os financeiros. Nosso objetivo \u00e9 simplificar a vida dos nossos visitantes, ajudando-os a fazer escolhas mais conscientes e inteligentes quando se trata de servi\u00e7os financeiros. Por tr\u00e1s do Iraildo [&hellip;]\" \/>\n<meta property=\"og:url\" content=\"https:\/\/iraildobarbosa.com.br\/cartoes\/quem-somos\/\" \/>\n<meta property=\"og:site_name\" content=\"Iraildo Cart\u00f5es\" \/>\n<meta property=\"article:modified_time\" content=\"2024-11-27T00:32:29+00:00\" \/>\n<meta name=\"twitter:card\" content=\"summary_large_image\" \/>\n<meta name=\"twitter:label1\" content=\"Est. tempo de leitura\" \/>\n\t<meta name=\"twitter:data1\" content=\"2 minutos\" \/>\n<script type=\"application\/ld+json\" class=\"yoast-schema-graph\">{\"@context\":\"https:\\\/\\\/schema.org\",\"@graph\":[{\"@type\":\"WebPage\",\"@id\":\"https:\\\/\\\/iraildobarbosa.com.br\\\/cartoes\\\/quem-somos\\\/\",\"url\":\"https:\\\/\\\/iraildobarbosa.com.br\\\/cartoes\\\/quem-somos\\\/\",\"name\":\"Quem Somos - Iraildo Cart\u00f5es\",\"isPartOf\":{\"@id\":\"https:\\\/\\\/iraildobarbosa.com.br\\\/cartoes\\\/#website\"},\"datePublished\":\"2024-04-14T01:44:39+00:00\",\"dateModified\":\"2024-11-27T00:32:29+00:00\",\"breadcrumb\":{\"@id\":\"https:\\\/\\\/iraildobarbosa.com.br\\\/cartoes\\\/quem-somos\\\/#breadcrumb\"},\"inLanguage\":\"pt-BR\",\"potentialAction\":[{\"@type\":\"ReadAction\",\"target\":[\"https:\\\/\\\/iraildobarbosa.com.br\\\/cartoes\\\/quem-somos\\\/\"]}]},{\"@type\":\"BreadcrumbList\",\"@id\":\"https:\\\/\\\/iraildobarbosa.com.br\\\/cartoes\\\/quem-somos\\\/#breadcrumb\",\"itemListElement\":[{\"@type\":\"ListItem\",\"position\":1,\"name\":\"Home\",\"item\":\"https:\\\/\\\/iraildobarbosa.com.br\\\/cartoes\\\/\"},{\"@type\":\"ListItem\",\"position\":2,\"name\":\"Quem Somos\"}]},{\"@type\":\"WebSite\",\"@id\":\"https:\\\/\\\/iraildobarbosa.com.br\\\/cartoes\\\/#website\",\"url\":\"https:\\\/\\\/iraildobarbosa.com.br\\\/cartoes\\\/\",\"name\":\"Iraildo Cart\u00f5es\",\"description\":\"O seu guia para maximizar os ganhos com cart\u00f5es de cr\u00e9dito. Junte-se \u00e0 comunidade!\",\"publisher\":{\"@id\":\"https:\\\/\\\/iraildobarbosa.com.br\\\/cartoes\\\/#organization\"},\"potentialAction\":[{\"@type\":\"SearchAction\",\"target\":{\"@type\":\"EntryPoint\",\"urlTemplate\":\"https:\\\/\\\/iraildobarbosa.com.br\\\/cartoes\\\/?s={search_term_string}\"},\"query-input\":{\"@type\":\"PropertyValueSpecification\",\"valueRequired\":true,\"valueName\":\"search_term_string\"}}],\"inLanguage\":\"pt-BR\"},{\"@type\":\"Organization\",\"@id\":\"https:\\\/\\\/iraildobarbosa.com.br\\\/cartoes\\\/#organization\",\"name\":\"Iraildo Cart\u00f5es\",\"url\":\"https:\\\/\\\/iraildobarbosa.com.br\\\/cartoes\\\/\",\"logo\":{\"@type\":\"ImageObject\",\"inLanguage\":\"pt-BR\",\"@id\":\"https:\\\/\\\/iraildobarbosa.com.br\\\/cartoes\\\/#\\\/schema\\\/logo\\\/image\\\/\",\"url\":\"https:\\\/\\\/iraildobarbosa.com.br\\\/cartoes\\\/wp-content\\\/uploads\\\/2026\\\/02\\\/cropped-icon.png\",\"contentUrl\":\"https:\\\/\\\/iraildobarbosa.com.br\\\/cartoes\\\/wp-content\\\/uploads\\\/2026\\\/02\\\/cropped-icon.png\",\"width\":512,\"height\":512,\"caption\":\"Iraildo Cart\u00f5es\"},\"image\":{\"@id\":\"https:\\\/\\\/iraildobarbosa.com.br\\\/cartoes\\\/#\\\/schema\\\/logo\\\/image\\\/\"}}]}<\/script>\n<!-- \/ Yoast SEO Premium plugin. -->","yoast_head_json":{"title":"Quem Somos - Iraildo Cart\u00f5es","robots":{"index":"index","follow":"follow","max-snippet":"max-snippet:-1","max-image-preview":"max-image-preview:large","max-video-preview":"max-video-preview:-1"},"canonical":"https:\/\/iraildobarbosa.com.br\/cartoes\/quem-somos\/","og_locale":"pt_BR","og_type":"article","og_title":"Quem Somos","og_description":"Quem Somos Bem-vindo ao Iraildo Cart\u00f5es! Somos um portal dedicado a oferecer as melhores informa\u00e7\u00f5es, dicas e orienta\u00e7\u00f5es sobre cart\u00f5es de cr\u00e9dito, cart\u00f5es pr\u00e9-pagos e outros servi\u00e7os financeiros. Nosso objetivo \u00e9 simplificar a vida dos nossos visitantes, ajudando-os a fazer escolhas mais conscientes e inteligentes quando se trata de servi\u00e7os financeiros. Por tr\u00e1s do Iraildo [&hellip;]","og_url":"https:\/\/iraildobarbosa.com.br\/cartoes\/quem-somos\/","og_site_name":"Iraildo Cart\u00f5es","article_modified_time":"2024-11-27T00:32:29+00:00","twitter_card":"summary_large_image","twitter_misc":{"Est. tempo de leitura":"2 minutos"},"schema":{"@context":"https:\/\/schema.org","@graph":[{"@type":"WebPage","@id":"https:\/\/iraildobarbosa.com.br\/cartoes\/quem-somos\/","url":"https:\/\/iraildobarbosa.com.br\/cartoes\/quem-somos\/","name":"Quem Somos - Iraildo Cart\u00f5es","isPartOf":{"@id":"https:\/\/iraildobarbosa.com.br\/cartoes\/#website"},"datePublished":"2024-04-14T01:44:39+00:00","dateModified":"2024-11-27T00:32:29+00:00","breadcrumb":{"@id":"https:\/\/iraildobarbosa.com.br\/cartoes\/quem-somos\/#breadcrumb"},"inLanguage":"pt-BR","potentialAction":[{"@type":"ReadAction","target":["https:\/\/iraildobarbosa.com.br\/cartoes\/quem-somos\/"]}]},{"@type":"BreadcrumbList","@id":"https:\/\/iraildobarbosa.com.br\/cartoes\/quem-somos\/#breadcrumb","itemListElement":[{"@type":"ListItem","position":1,"name":"Home","item":"https:\/\/iraildobarbosa.com.br\/cartoes\/"},{"@type":"ListItem","position":2,"name":"Quem Somos"}]},{"@type":"WebSite","@id":"https:\/\/iraildobarbosa.com.br\/cartoes\/#website","url":"https:\/\/iraildobarbosa.com.br\/cartoes\/","name":"Iraildo Cart\u00f5es","description":"O seu guia para maximizar os ganhos com cart\u00f5es de cr\u00e9dito. Junte-se \u00e0 comunidade!","publisher":{"@id":"https:\/\/iraildobarbosa.com.br\/cartoes\/#organization"},"potentialAction":[{"@type":"SearchAction","target":{"@type":"EntryPoint","urlTemplate":"https:\/\/iraildobarbosa.com.br\/cartoes\/?s={search_term_string}"},"query-input":{"@type":"PropertyValueSpecification","valueRequired":true,"valueName":"search_term_string"}}],"inLanguage":"pt-BR"},{"@type":"Organization","@id":"https:\/\/iraildobarbosa.com.br\/cartoes\/#organization","name":"Iraildo Cart\u00f5es","url":"https:\/\/iraildobarbosa.com.br\/cartoes\/","logo":{"@type":"ImageObject","inLanguage":"pt-BR","@id":"https:\/\/iraildobarbosa.com.br\/cartoes\/#\/schema\/logo\/image\/","url":"https:\/\/iraildobarbosa.com.br\/cartoes\/wp-content\/uploads\/2026\/02\/cropped-icon.png","contentUrl":"https:\/\/iraildobarbosa.com.br\/cartoes\/wp-content\/uploads\/2026\/02\/cropped-icon.png","width":512,"height":512,"caption":"Iraildo Cart\u00f5es"},"image":{"@id":"https:\/\/iraildobarbosa.com.br\/cartoes\/#\/schema\/logo\/image\/"}}]}},"jetpack_sharing_enabled":true,"_links":{"self":[{"href":"https:\/\/iraildobarbosa.com.br\/cartoes\/wp-json\/wp\/v2\/pages\/170","targetHints":{"allow":["GET"]}}],"collection":[{"href":"https:\/\/iraildobarbosa.com.br\/cartoes\/wp-json\/wp\/v2\/pages"}],"about":[{"href":"https:\/\/iraildobarbosa.com.br\/cartoes\/wp-json\/wp\/v2\/types\/page"}],"author":[{"embeddable":true,"href":"https:\/\/iraildobarbosa.com.br\/cartoes\/wp-json\/wp\/v2\/users\/1"}],"replies":[{"embeddable":true,"href":"https:\/\/iraildobarbosa.com.br\/cartoes\/wp-json\/wp\/v2\/comments?post=170"}],"version-history":[{"count":4,"href":"https:\/\/iraildobarbosa.com.br\/cartoes\/wp-json\/wp\/v2\/pages\/170\/revisions"}],"predecessor-version":[{"id":503,"href":"https:\/\/iraildobarbosa.com.br\/cartoes\/wp-json\/wp\/v2\/pages\/170\/revisions\/503"}],"wp:attachment":[{"href":"https:\/\/iraildobarbosa.com.br\/cartoes\/wp-json\/wp\/v2\/media?parent=170"}],"curies":[{"name":"wp","href":"https:\/\/api.w.org\/{rel}","templated":true}]}}